{"id":89,"date":"2025-06-07T21:42:46","date_gmt":"2025-06-07T18:42:46","guid":{"rendered":"https:\/\/yoncasansor.com\/?page_id=89"},"modified":"2025-06-16T11:21:17","modified_gmt":"2025-06-16T08:21:17","slug":"hizmetlerimiz","status":"publish","type":"page","link":"https:\/\/yoncasansor.com\/?page_id=89","title":{"rendered":"Hizmetlerimiz"},"content":{"rendered":"\t\t<div data-elementor-type=\"wp-page\" data-elementor-id=\"89\" class=\"elementor elementor-89\" data-elementor-post-type=\"page\">\n\t\t\t\t\t\t<section class=\"elementor-section elementor-top-section elementor-element elementor-element-efc1c15 elementor-section-boxed elementor-section-height-default elementor-section-height-default\" data-id=\"efc1c15\" data-element_type=\"section\" data-e-type=\"section\" data-settings=\"{&quot;background_background&quot;:&quot;classic&quot;}\">\n\t\t\t\t\t\t\t<div class=\"elementor-background-overlay\"><\/div>\n\t\t\t\t\t\t\t<div class=\"elementor-container elementor-column-gap-default\">\n\t\t\t\t\t<div class=\"elementor-column elementor-col-100 elementor-top-column elementor-element elementor-element-eec70ea\" data-id=\"eec70ea\" data-element_type=\"column\" data-e-type=\"column\">\n\t\t\t<div class=\"elementor-widget-wrap elementor-element-populated\">\n\t\t\t\t\t\t\t<\/div>\n\t\t<\/div>\n\t\t\t\t\t<\/div>\n\t\t<\/section>\n\t\t<div class=\"elementor-element elementor-element-63cf37d e-flex e-con-boxed e-con e-parent\" data-id=\"63cf37d\" data-element_type=\"container\" data-e-type=\"container\">\n\t\t\t\t\t<div class=\"e-con-inner\">\n\t\t<div class=\"elementor-element elementor-element-9c9782b e-con-full e-flex e-con e-child\" data-id=\"9c9782b\" data-element_type=\"container\" data-e-type=\"container\">\n\t\t\t\t<div class=\"elementor-element elementor-element-3aab7ee elementor-grid-3 elementor-grid-tablet-2 elementor-grid-mobile-1 elementor-posts--thumbnail-top elementor-widget elementor-widget-posts\" data-id=\"3aab7ee\" data-element_type=\"widget\" data-e-type=\"widget\" data-settings=\"{&quot;classic_columns&quot;:&quot;3&quot;,&quot;classic_columns_tablet&quot;:&quot;2&quot;,&quot;classic_columns_mobile&quot;:&quot;1&quot;,&quot;classic_row_gap&quot;:{&quot;unit&quot;:&quot;px&quot;,&quot;size&quot;:35,&quot;sizes&quot;:[]},&quot;classic_row_gap_tablet&quot;:{&quot;unit&quot;:&quot;px&quot;,&quot;size&quot;:&quot;&quot;,&quot;sizes&quot;:[]},&quot;classic_row_gap_mobile&quot;:{&quot;unit&quot;:&quot;px&quot;,&quot;size&quot;:&quot;&quot;,&quot;sizes&quot;:[]}}\" data-widget_type=\"posts.classic\">\n\t\t\t\t<div class=\"elementor-widget-container\">\n\t\t\t\t\t\t\t<div class=\"elementor-posts-container elementor-posts elementor-posts--skin-classic elementor-grid\" role=\"list\">\n\t\t\t\t<article class=\"elementor-post elementor-grid-item post-86 post type-post status-publish format-standard has-post-thumbnail hentry category-hizmetlerimiz\" role=\"listitem\">\n\t\t\t\t<a class=\"elementor-post__thumbnail__link\" href=\"https:\/\/yoncasansor.com\/?p=86\" tabindex=\"-1\" >\n\t\t\t<div class=\"elementor-post__thumbnail\"><img loading=\"lazy\" decoding=\"async\" width=\"900\" height=\"506\" src=\"https:\/\/yoncasansor.com\/wp-content\/uploads\/2025\/06\/Modernizasyon-ve-Yenileme.png\" class=\"attachment-full size-full wp-image-109\" alt=\"\" srcset=\"https:\/\/yoncasansor.com\/wp-content\/uploads\/2025\/06\/Modernizasyon-ve-Yenileme.png 900w, https:\/\/yoncasansor.com\/wp-content\/uploads\/2025\/06\/Modernizasyon-ve-Yenileme-300x169.png 300w, https:\/\/yoncasansor.com\/wp-content\/uploads\/2025\/06\/Modernizasyon-ve-Yenileme-768x432.png 768w\" sizes=\"auto, (max-width: 900px) 100vw, 900px\" \/><\/div>\n\t\t<\/a>\n\t\t\t\t<div class=\"elementor-post__text\">\n\t\t\t\t<h3 class=\"elementor-post__title\">\n\t\t\t<a href=\"https:\/\/yoncasansor.com\/?p=86\" >\n\t\t\t\tModernizasyon ve Yenileme\t\t\t<\/a>\n\t\t<\/h3>\n\t\t\n\t\t<a class=\"elementor-post__read-more\" href=\"https:\/\/yoncasansor.com\/?p=86\" aria-label=\"Read more about Modernizasyon ve Yenileme\" tabindex=\"-1\" >\n\t\t\tKategori Sayfas\u0131na Gidin\u00bb\t\t<\/a>\n\n\t\t\t\t<\/div>\n\t\t\t\t<\/article>\n\t\t\t\t<article class=\"elementor-post elementor-grid-item post-84 post type-post status-publish format-standard has-post-thumbnail hentry category-hizmetlerimiz\" role=\"listitem\">\n\t\t\t\t<a class=\"elementor-post__thumbnail__link\" href=\"https:\/\/yoncasansor.com\/?p=84\" tabindex=\"-1\" >\n\t\t\t<div class=\"elementor-post__thumbnail\"><img loading=\"lazy\" decoding=\"async\" width=\"900\" height=\"506\" src=\"https:\/\/yoncasansor.com\/wp-content\/uploads\/2025\/06\/Motor-ve-Mekanik-Aksam-Hizmetleri.png\" class=\"attachment-full size-full wp-image-110\" alt=\"\" srcset=\"https:\/\/yoncasansor.com\/wp-content\/uploads\/2025\/06\/Motor-ve-Mekanik-Aksam-Hizmetleri.png 900w, https:\/\/yoncasansor.com\/wp-content\/uploads\/2025\/06\/Motor-ve-Mekanik-Aksam-Hizmetleri-300x169.png 300w, https:\/\/yoncasansor.com\/wp-content\/uploads\/2025\/06\/Motor-ve-Mekanik-Aksam-Hizmetleri-768x432.png 768w\" sizes=\"auto, (max-width: 900px) 100vw, 900px\" \/><\/div>\n\t\t<\/a>\n\t\t\t\t<div class=\"elementor-post__text\">\n\t\t\t\t<h3 class=\"elementor-post__title\">\n\t\t\t<a href=\"https:\/\/yoncasansor.com\/?p=84\" >\n\t\t\t\tMotor ve Mekanik Aksam Hizmetleri\t\t\t<\/a>\n\t\t<\/h3>\n\t\t\n\t\t<a class=\"elementor-post__read-more\" href=\"https:\/\/yoncasansor.com\/?p=84\" aria-label=\"Read more about Motor ve Mekanik Aksam Hizmetleri\" tabindex=\"-1\" >\n\t\t\tKategori Sayfas\u0131na Gidin\u00bb\t\t<\/a>\n\n\t\t\t\t<\/div>\n\t\t\t\t<\/article>\n\t\t\t\t<article class=\"elementor-post elementor-grid-item post-82 post type-post status-publish format-standard has-post-thumbnail hentry category-hizmetlerimiz\" role=\"listitem\">\n\t\t\t\t<a class=\"elementor-post__thumbnail__link\" href=\"https:\/\/yoncasansor.com\/?p=82\" tabindex=\"-1\" >\n\t\t\t<div class=\"elementor-post__thumbnail\"><img loading=\"lazy\" decoding=\"async\" width=\"900\" height=\"506\" src=\"https:\/\/yoncasansor.com\/wp-content\/uploads\/2025\/06\/Modernizasyon-ve-Yenileme.png\" class=\"attachment-full size-full wp-image-109\" alt=\"\" srcset=\"https:\/\/yoncasansor.com\/wp-content\/uploads\/2025\/06\/Modernizasyon-ve-Yenileme.png 900w, https:\/\/yoncasansor.com\/wp-content\/uploads\/2025\/06\/Modernizasyon-ve-Yenileme-300x169.png 300w, https:\/\/yoncasansor.com\/wp-content\/uploads\/2025\/06\/Modernizasyon-ve-Yenileme-768x432.png 768w\" sizes=\"auto, (max-width: 900px) 100vw, 900px\" \/><\/div>\n\t\t<\/a>\n\t\t\t\t<div class=\"elementor-post__text\">\n\t\t\t\t<h3 class=\"elementor-post__title\">\n\t\t\t<a href=\"https:\/\/yoncasansor.com\/?p=82\" >\n\t\t\t\tKumanda Panosu &amp; Buton Sistemleri\t\t\t<\/a>\n\t\t<\/h3>\n\t\t\n\t\t<a class=\"elementor-post__read-more\" href=\"https:\/\/yoncasansor.com\/?p=82\" aria-label=\"Read more about Kumanda Panosu &amp; Buton Sistemleri\" tabindex=\"-1\" >\n\t\t\tKategori Sayfas\u0131na Gidin\u00bb\t\t<\/a>\n\n\t\t\t\t<\/div>\n\t\t\t\t<\/article>\n\t\t\t\t<article class=\"elementor-post elementor-grid-item post-80 post type-post status-publish format-standard has-post-thumbnail hentry category-hizmetlerimiz\" role=\"listitem\">\n\t\t\t\t<a class=\"elementor-post__thumbnail__link\" href=\"https:\/\/yoncasansor.com\/?p=80\" tabindex=\"-1\" >\n\t\t\t<div class=\"elementor-post__thumbnail\"><img loading=\"lazy\" decoding=\"async\" width=\"900\" height=\"506\" src=\"https:\/\/yoncasansor.com\/wp-content\/uploads\/2025\/06\/Kabin-Ici-Restorasyon.png\" class=\"attachment-full size-full wp-image-106\" alt=\"\" srcset=\"https:\/\/yoncasansor.com\/wp-content\/uploads\/2025\/06\/Kabin-Ici-Restorasyon.png 900w, https:\/\/yoncasansor.com\/wp-content\/uploads\/2025\/06\/Kabin-Ici-Restorasyon-300x169.png 300w, https:\/\/yoncasansor.com\/wp-content\/uploads\/2025\/06\/Kabin-Ici-Restorasyon-768x432.png 768w\" sizes=\"auto, (max-width: 900px) 100vw, 900px\" \/><\/div>\n\t\t<\/a>\n\t\t\t\t<div class=\"elementor-post__text\">\n\t\t\t\t<h3 class=\"elementor-post__title\">\n\t\t\t<a href=\"https:\/\/yoncasansor.com\/?p=80\" >\n\t\t\t\tKabin \u0130\u00e7i Restorasyon\t\t\t<\/a>\n\t\t<\/h3>\n\t\t\n\t\t<a class=\"elementor-post__read-more\" href=\"https:\/\/yoncasansor.com\/?p=80\" aria-label=\"Read more about Kabin \u0130\u00e7i Restorasyon\" tabindex=\"-1\" >\n\t\t\tKategori Sayfas\u0131na Gidin\u00bb\t\t<\/a>\n\n\t\t\t\t<\/div>\n\t\t\t\t<\/article>\n\t\t\t\t<article class=\"elementor-post elementor-grid-item post-78 post type-post status-publish format-standard has-post-thumbnail hentry category-hizmetlerimiz\" role=\"listitem\">\n\t\t\t\t<a class=\"elementor-post__thumbnail__link\" href=\"https:\/\/yoncasansor.com\/?p=78\" tabindex=\"-1\" >\n\t\t\t<div class=\"elementor-post__thumbnail\"><img loading=\"lazy\" decoding=\"async\" width=\"900\" height=\"506\" src=\"https:\/\/yoncasansor.com\/wp-content\/uploads\/2025\/06\/Asansor-Revizyonu.png\" class=\"attachment-full size-full wp-image-105\" alt=\"\" srcset=\"https:\/\/yoncasansor.com\/wp-content\/uploads\/2025\/06\/Asansor-Revizyonu.png 900w, https:\/\/yoncasansor.com\/wp-content\/uploads\/2025\/06\/Asansor-Revizyonu-300x169.png 300w, https:\/\/yoncasansor.com\/wp-content\/uploads\/2025\/06\/Asansor-Revizyonu-768x432.png 768w\" sizes=\"auto, (max-width: 900px) 100vw, 900px\" \/><\/div>\n\t\t<\/a>\n\t\t\t\t<div class=\"elementor-post__text\">\n\t\t\t\t<h3 class=\"elementor-post__title\">\n\t\t\t<a href=\"https:\/\/yoncasansor.com\/?p=78\" >\n\t\t\t\tAsans\u00f6r Revizyonu\t\t\t<\/a>\n\t\t<\/h3>\n\t\t\n\t\t<a class=\"elementor-post__read-more\" href=\"https:\/\/yoncasansor.com\/?p=78\" aria-label=\"Read more about Asans\u00f6r Revizyonu\" tabindex=\"-1\" >\n\t\t\tKategori Sayfas\u0131na Gidin\u00bb\t\t<\/a>\n\n\t\t\t\t<\/div>\n\t\t\t\t<\/article>\n\t\t\t\t<article class=\"elementor-post elementor-grid-item post-76 post type-post status-publish format-standard has-post-thumbnail hentry category-hizmetlerimiz\" role=\"listitem\">\n\t\t\t\t<a class=\"elementor-post__thumbnail__link\" href=\"https:\/\/yoncasansor.com\/?p=76\" tabindex=\"-1\" >\n\t\t\t<div class=\"elementor-post__thumbnail\"><img loading=\"lazy\" decoding=\"async\" width=\"900\" height=\"506\" src=\"https:\/\/yoncasansor.com\/wp-content\/uploads\/2025\/06\/Yeni-Asansor-Montaji.png\" class=\"attachment-full size-full wp-image-111\" alt=\"\" srcset=\"https:\/\/yoncasansor.com\/wp-content\/uploads\/2025\/06\/Yeni-Asansor-Montaji.png 900w, https:\/\/yoncasansor.com\/wp-content\/uploads\/2025\/06\/Yeni-Asansor-Montaji-300x169.png 300w, https:\/\/yoncasansor.com\/wp-content\/uploads\/2025\/06\/Yeni-Asansor-Montaji-768x432.png 768w\" sizes=\"auto, (max-width: 900px) 100vw, 900px\" \/><\/div>\n\t\t<\/a>\n\t\t\t\t<div class=\"elementor-post__text\">\n\t\t\t\t<h3 class=\"elementor-post__title\">\n\t\t\t<a href=\"https:\/\/yoncasansor.com\/?p=76\" >\n\t\t\t\tYeni Asans\u00f6r Montaj\u0131\t\t\t<\/a>\n\t\t<\/h3>\n\t\t\n\t\t<a class=\"elementor-post__read-more\" href=\"https:\/\/yoncasansor.com\/?p=76\" aria-label=\"Read more about Yeni Asans\u00f6r Montaj\u0131\" tabindex=\"-1\" >\n\t\t\tKategori Sayfas\u0131na Gidin\u00bb\t\t<\/a>\n\n\t\t\t\t<\/div>\n\t\t\t\t<\/article>\n\t\t\t\t<article class=\"elementor-post elementor-grid-item post-74 post type-post status-publish format-standard has-post-thumbnail hentry category-hizmetlerimiz\" role=\"listitem\">\n\t\t\t\t<a class=\"elementor-post__thumbnail__link\" href=\"https:\/\/yoncasansor.com\/?p=74\" tabindex=\"-1\" >\n\t\t\t<div class=\"elementor-post__thumbnail\"><img loading=\"lazy\" decoding=\"async\" width=\"900\" height=\"506\" src=\"https:\/\/yoncasansor.com\/wp-content\/uploads\/2025\/06\/Asansor-Bakimi.png\" class=\"attachment-full size-full wp-image-119\" alt=\"\" srcset=\"https:\/\/yoncasansor.com\/wp-content\/uploads\/2025\/06\/Asansor-Bakimi.png 900w, https:\/\/yoncasansor.com\/wp-content\/uploads\/2025\/06\/Asansor-Bakimi-300x169.png 300w, https:\/\/yoncasansor.com\/wp-content\/uploads\/2025\/06\/Asansor-Bakimi-768x432.png 768w\" sizes=\"auto, (max-width: 900px) 100vw, 900px\" \/><\/div>\n\t\t<\/a>\n\t\t\t\t<div class=\"elementor-post__text\">\n\t\t\t\t<h3 class=\"elementor-post__title\">\n\t\t\t<a href=\"https:\/\/yoncasansor.com\/?p=74\" >\n\t\t\t\tAsans\u00f6r Bak\u0131m\u0131\t\t\t<\/a>\n\t\t<\/h3>\n\t\t\n\t\t<a class=\"elementor-post__read-more\" href=\"https:\/\/yoncasansor.com\/?p=74\" aria-label=\"Read more about Asans\u00f6r Bak\u0131m\u0131\" tabindex=\"-1\" >\n\t\t\tKategori Sayfas\u0131na Gidin\u00bb\t\t<\/a>\n\n\t\t\t\t<\/div>\n\t\t\t\t<\/article>\n\t\t\t\t<article class=\"elementor-post elementor-grid-item post-34 post type-post status-publish format-standard has-post-thumbnail hentry category-hizmetlerimiz\" role=\"listitem\">\n\t\t\t\t<a class=\"elementor-post__thumbnail__link\" href=\"https:\/\/yoncasansor.com\/?p=34\" tabindex=\"-1\" >\n\t\t\t<div class=\"elementor-post__thumbnail\"><img loading=\"lazy\" decoding=\"async\" width=\"900\" height=\"506\" src=\"https:\/\/yoncasansor.com\/wp-content\/uploads\/2025\/06\/Kumanda-Panosu-Buton-Sistemleri.png\" class=\"attachment-full size-full wp-image-108\" alt=\"\" srcset=\"https:\/\/yoncasansor.com\/wp-content\/uploads\/2025\/06\/Kumanda-Panosu-Buton-Sistemleri.png 900w, https:\/\/yoncasansor.com\/wp-content\/uploads\/2025\/06\/Kumanda-Panosu-Buton-Sistemleri-300x169.png 300w, https:\/\/yoncasansor.com\/wp-content\/uploads\/2025\/06\/Kumanda-Panosu-Buton-Sistemleri-768x432.png 768w\" sizes=\"auto, (max-width: 900px) 100vw, 900px\" \/><\/div>\n\t\t<\/a>\n\t\t\t\t<div class=\"elementor-post__text\">\n\t\t\t\t<h3 class=\"elementor-post__title\">\n\t\t\t<a href=\"https:\/\/yoncasansor.com\/?p=34\" >\n\t\t\t\tAsans\u00f6r Ar\u0131za ve Onar\u0131m\u0131\t\t\t<\/a>\n\t\t<\/h3>\n\t\t\n\t\t<a class=\"elementor-post__read-more\" href=\"https:\/\/yoncasansor.com\/?p=34\" aria-label=\"Read more about Asans\u00f6r Ar\u0131za ve Onar\u0131m\u0131\" tabindex=\"-1\" >\n\t\t\tKategori Sayfas\u0131na Gidin\u00bb\t\t<\/a>\n\n\t\t\t\t<\/div>\n\t\t\t\t<\/article>\n\t\t\t\t<\/div>\n\t\t\n\t\t\t\t\t\t<\/div>\n\t\t\t\t<\/div>\n\t\t\t\t<\/div>\n\t\t\t\t\t<\/div>\n\t\t\t\t<\/div>\n\t\t\t\t<\/div>\n\t\t","protected":false},"excerpt":{"rendered":"","protected":false},"author":1,"featured_media":0,"parent":0,"menu_order":0,"comment_status":"closed","ping_status":"closed","template":"","meta":{"footnotes":""},"class_list":["post-89","page","type-page","status-publish","hentry"],"_links":{"self":[{"href":"https:\/\/yoncasansor.com\/index.php?rest_route=\/wp\/v2\/pages\/89","targetHints":{"allow":["GET"]}}],"collection":[{"href":"https:\/\/yoncasansor.com\/index.php?rest_route=\/wp\/v2\/pages"}],"about":[{"href":"https:\/\/yoncasansor.com\/index.php?rest_route=\/wp\/v2\/types\/page"}],"author":[{"embeddable":true,"href":"https:\/\/yoncasansor.com\/index.php?rest_route=\/wp\/v2\/users\/1"}],"replies":[{"embeddable":true,"href":"https:\/\/yoncasansor.com\/index.php?rest_route=%2Fwp%2Fv2%2Fcomments&post=89"}],"version-history":[{"count":13,"href":"https:\/\/yoncasansor.com\/index.php?rest_route=\/wp\/v2\/pages\/89\/revisions"}],"predecessor-version":[{"id":200,"href":"https:\/\/yoncasansor.com\/index.php?rest_route=\/wp\/v2\/pages\/89\/revisions\/200"}],"wp:attachment":[{"href":"https:\/\/yoncasansor.com\/index.php?rest_route=%2Fwp%2Fv2%2Fmedia&parent=89"}],"curies":[{"name":"wp","href":"https:\/\/api.w.org\/{rel}","templated":true}]}}